{"id":3962,"date":"2015-09-21T09:39:41","date_gmt":"2015-09-21T13:39:41","guid":{"rendered":"http:\/\/www.motellejolibourg.com\/?page_id=3962"},"modified":"2015-10-03T19:45:49","modified_gmt":"2015-10-03T23:45:49","slug":"cancellation-policy","status":"publish","type":"page","link":"https:\/\/www.motellejolibourg.com\/es\/cancellation-policy\/","title":{"rendered":"Pol\u00edtica"},"content":{"rendered":"<h2><span>T\u00e9rminos y Condiciones<\/span><\/h2>\n<ul>\n<li><strong>El ruido no se tolerar\u00e1<\/strong>despu\u00e9s de 10 p.m. dentro o fuera de las habitaciones. La primera advertencia significa expulsi\u00f3n agrupaci\u00f3n sin devoluci\u00f3n para garantizar una estancia tranquila y pac\u00edfica a todos nuestros clientes<\/li>\n<li>Tambi\u00e9n, nos negamos a todos los clientes de la calle Club de Borb\u00f3n.<\/li>\n<li><strong>No se admiten animales<\/strong>. Llame 450-602-0150 para <a href=\"https:\/\/411.ca\/business\/profile\/3946676\" target=\"_blank\">un hotel de mascotas<\/a> 5 minutos en coche de nosotros<\/li>\n<li>Los certificados de regalo disponibles<\/li>\n<li>por dem\u00e1s asesores de viaje comentarios.<\/li>\n<\/ul>\n<h2><span>Cancelaci\u00f3n<\/span><\/h2>\n<p>LA SUITE Y TODOS LOS PAQUETES no son reembolsables y pagar en el momento RESERVA.<\/p>\n<p>CANCELACI\u00d3N 48+ horas antes del registro: NO PENA<br \/>\nCANCELACI\u00d3N 24-48 horas antes del registro: $ 50 PENA<br \/>\nCANCELACI\u00d3N 24-\u00a0horas antes del registro: IMPORTE TOTAL DE LA PRIMERA JORNADA<\/p>\n<p>GRUPO (3 HABITACIONES Y +) DEP\u00d3SITO DE $ 50 POR HABITACION SE REQUIERE CON LA RESERVA Y CASO intransferible y no reembolsable en DE CANCELACI\u00d3N","protected":false},"excerpt":{"rendered":"<p>T\u00e9rminos y Condiciones El ruido no se tolerar\u00e1despu\u00e9s de 10 p.m. dentro o fuera de las habitaciones. La primera advertencia significa expulsi\u00f3n agrupaci\u00f3n sin devoluci\u00f3n para garantizar una estancia tranquila y pac\u00edfica a todos nuestros clientes Tambi\u00e9n, nos negamos a todos los clientes de la calle Club de Borb\u00f3n. No <a href=\"https:\/\/www.motellejolibourg.com\/es\/cancellation-policy\/\"><span class=\"meta-nav\">&#8230;<\/span><\/a><\/p>\n","protected":false},"author":1,"featured_media":0,"parent":0,"menu_order":0,"comment_status":"closed","ping_status":"closed","template":"","meta":{"footnotes":""},"class_list":["post-3962","page","type-page","status-publish","hentry"],"_links":{"self":[{"href":"https:\/\/www.motellejolibourg.com\/es\/wp-json\/wp\/v2\/pages\/3962","targetHints":{"allow":["GET"]}}],"collection":[{"href":"https:\/\/www.motellejolibourg.com\/es\/wp-json\/wp\/v2\/pages"}],"about":[{"href":"https:\/\/www.motellejolibourg.com\/es\/wp-json\/wp\/v2\/types\/page"}],"author":[{"embeddable":true,"href":"https:\/\/www.motellejolibourg.com\/es\/wp-json\/wp\/v2\/users\/1"}],"replies":[{"embeddable":true,"href":"https:\/\/www.motellejolibourg.com\/es\/wp-json\/wp\/v2\/comments?post=3962"}],"version-history":[{"count":117,"href":"https:\/\/www.motellejolibourg.com\/es\/wp-json\/wp\/v2\/pages\/3962\/revisions"}],"predecessor-version":[{"id":4252,"href":"https:\/\/www.motellejolibourg.com\/es\/wp-json\/wp\/v2\/pages\/3962\/revisions\/4252"}],"wp:attachment":[{"href":"https:\/\/www.motellejolibourg.com\/es\/wp-json\/wp\/v2\/media?parent=3962"}],"curies":[{"name":"wp","href":"https:\/\/api.w.org\/{rel}","templated":true}]}}