{"id":3686,"date":"2015-09-02T21:41:31","date_gmt":"2015-09-03T01:41:31","guid":{"rendered":"http:\/\/www.motellejolibourg.com\/?page_id=3686"},"modified":"2016-04-10T21:23:36","modified_gmt":"2016-04-11T01:23:36","slug":"packages","status":"publish","type":"page","link":"https:\/\/www.motellejolibourg.com\/es\/packages\/","title":{"rendered":"Paquetes"},"content":{"rendered":"<p class=\"qtranxs-available-languages-message qtranxs-available-languages-message-es\">Disculpa, pero esta entrada est\u00e1 disponible s\u00f3lo en <a href=\"https:\/\/www.motellejolibourg.com\/fr\/wp-json\/wp\/v2\/pages\/3686\" class=\"qtranxs-available-language-link qtranxs-available-language-link-fr\" title=\"Fran\u00e7ais\">Fran\u00e7ais<\/a> y <a href=\"https:\/\/www.motellejolibourg.com\/en\/wp-json\/wp\/v2\/pages\/3686\" class=\"qtranxs-available-language-link qtranxs-available-language-link-en\" title=\"English\">English<\/a>.<\/p>IMPRIMER LE FORFAIT<\/p>\n<p>* Certaines restrictions peuvent s&#8217;appliquer sur les forfaits.<br \/>\nRenseignez-vous sur les jours et les dates valides.<\/p>\n<p>Politique d&#8217;annulation<br \/>\nLes forfaits sont payables enti\u00e8rement sur r\u00e9servation et sont non remboursables ou transf\u00e9rables.<\/p>\n<p>Heure d&#8217;Arriv\u00e9e : 15 h<br \/>\nHeure de d\u00e9part : 11 h<\/p>\n<p>Aucun animal accept\u00e9<br \/>\nStationnement gratuit<br \/>\nCertificat cadeau disponible","protected":false},"excerpt":{"rendered":"<p>Disculpa, pero esta entrada est\u00e1 disponible s\u00f3lo en Fran\u00e7ais y English.IMPRIMER LE FORFAIT * Certaines restrictions peuvent s&#8217;appliquer sur les forfaits. Renseignez-vous sur les jours et les dates valides. Politique d&#8217;annulation Les forfaits sont payables enti\u00e8rement sur r\u00e9servation et sont non remboursables ou transf\u00e9rables. Heure d&#8217;Arriv\u00e9e : 15 h Heure <a href=\"https:\/\/www.motellejolibourg.com\/es\/packages\/\"><span class=\"meta-nav\">&#8230;<\/span><\/a><\/p>\n","protected":false},"author":1,"featured_media":0,"parent":0,"menu_order":0,"comment_status":"closed","ping_status":"closed","template":"portfolio-list.php","meta":{"footnotes":""},"class_list":["post-3686","page","type-page","status-publish","hentry"],"_links":{"self":[{"href":"https:\/\/www.motellejolibourg.com\/es\/wp-json\/wp\/v2\/pages\/3686","targetHints":{"allow":["GET"]}}],"collection":[{"href":"https:\/\/www.motellejolibourg.com\/es\/wp-json\/wp\/v2\/pages"}],"about":[{"href":"https:\/\/www.motellejolibourg.com\/es\/wp-json\/wp\/v2\/types\/page"}],"author":[{"embeddable":true,"href":"https:\/\/www.motellejolibourg.com\/es\/wp-json\/wp\/v2\/users\/1"}],"replies":[{"embeddable":true,"href":"https:\/\/www.motellejolibourg.com\/es\/wp-json\/wp\/v2\/comments?post=3686"}],"version-history":[{"count":11,"href":"https:\/\/www.motellejolibourg.com\/es\/wp-json\/wp\/v2\/pages\/3686\/revisions"}],"predecessor-version":[{"id":4357,"href":"https:\/\/www.motellejolibourg.com\/es\/wp-json\/wp\/v2\/pages\/3686\/revisions\/4357"}],"wp:attachment":[{"href":"https:\/\/www.motellejolibourg.com\/es\/wp-json\/wp\/v2\/media?parent=3686"}],"curies":[{"name":"wp","href":"https:\/\/api.w.org\/{rel}","templated":true}]}}